{"id":19270,"date":"2025-08-11T17:27:49","date_gmt":"2025-08-11T17:27:49","guid":{"rendered":"https:\/\/europos.co.rs\/?page_id=19270"},"modified":"2025-08-21T12:23:53","modified_gmt":"2025-08-21T12:23:53","slug":"it-infrastructure","status":"publish","type":"page","link":"https:\/\/europos.co.rs\/sr\/it-infrastructure\/","title":{"rendered":"IT Infrastruktura"},"content":{"rendered":"<div data-elementor-type=\"wp-page\" data-elementor-id=\"19270\" class=\"elementor elementor-19270\">\n\t\t\t\t<div class=\"elementor-element elementor-element-23b6b842 e-con-full e-flex wcf-starter-animations-none wpr-particle-no wpr-jarallax-no wpr-parallax-no wpr-sticky-section-no wpr-equal-height-no e-con e-parent\" data-id=\"23b6b842\" data-element_type=\"container\" data-e-type=\"container\" data-settings=\"{&quot;wcf_enable_cursor_hover_effect_text&quot;:&quot;View&quot;,&quot;wcf-animation&quot;:&quot;none&quot;,&quot;wcf_enable_pin_area&quot;:&quot;no&quot;,&quot;aae_enable_header_sticky_area&quot;:&quot;no&quot;,&quot;wcf_enable_horizontal_scroll&quot;:&quot;no&quot;}\">\n\t\t<div class=\"elementor-element elementor-element-68279187 e-flex e-con-boxed wcf-starter-animations-none wpr-particle-no wpr-jarallax-no wpr-parallax-no wpr-sticky-section-no wpr-equal-height-no e-con e-child\" data-id=\"68279187\" data-element_type=\"container\" data-e-type=\"container\" data-settings=\"{&quot;wcf_enable_cursor_hover_effect_text&quot;:&quot;View&quot;,&quot;wcf-animation&quot;:&quot;none&quot;,&quot;wcf_enable_pin_area&quot;:&quot;no&quot;,&quot;aae_enable_header_sticky_area&quot;:&quot;no&quot;,&quot;wcf_enable_horizontal_scroll&quot;:&quot;no&quot;}\">\n\t\t\t\t\t<div class=\"e-con-inner\">\n\t\t\t\t<div class=\"elementor-element elementor-element-5510791c elementor-widget__width-initial elementor-widget-tablet_extra__width-inherit elementor-widget-mobile_extra__width-initial elementor-widget-mobile__width-inherit wcf-starter-animations-none wcf-t-animation-none elementor-widget elementor-widget-wcf--title\" data-id=\"5510791c\" data-element_type=\"widget\" data-e-type=\"widget\" data-settings=\"{&quot;wcf-animation&quot;:&quot;fade&quot;,&quot;data-duration&quot;:0.75,&quot;fade-offset&quot;:40,&quot;wcf_starter_animations&quot;:&quot;none&quot;,&quot;wcf_anim_duration&quot;:1000,&quot;wcf_anim_delay&quot;:0,&quot;wcf_anim_ease&quot;:&quot;ease&quot;,&quot;wcf_text_animation&quot;:&quot;none&quot;,&quot;aae_method&quot;:&quot;from&quot;,&quot;aae_trigger&quot;:&quot;on_scroll&quot;,&quot;delay&quot;:0.1499999999999999944488848768742172978818416595458984375,&quot;fade-from&quot;:&quot;bottom&quot;,&quot;ease&quot;:&quot;power2.out&quot;}\" data-widget_type=\"wcf--title.default\">\n\t\t\t\t<div class=\"elementor-widget-container\">\n\t\t\t\t\t<h2 class=\"wcf--title\">U dana\u0161njem poslovnom okru\u017eenju, stabilna i dobro dizajnirana <span class=\"highlight\">IT infrastruktura<\/span> je temelj rasta.<\/h2>\t\t\t\t<\/div>\n\t\t\t\t<\/div>\n\t\t\t\t\t<\/div>\n\t\t\t\t<\/div>\n\t\t\t\t<\/div>\n\t\t<div class=\"elementor-element elementor-element-9538859 e-con-full e-flex wcf-starter-animations-none wpr-particle-no wpr-jarallax-no wpr-parallax-no wpr-sticky-section-no wpr-equal-height-no e-con e-parent\" data-id=\"9538859\" data-element_type=\"container\" data-e-type=\"container\" data-settings=\"{&quot;wcf_enable_cursor_hover_effect_text&quot;:&quot;View&quot;,&quot;wcf-animation&quot;:&quot;none&quot;,&quot;wcf_enable_pin_area&quot;:&quot;no&quot;,&quot;aae_enable_header_sticky_area&quot;:&quot;no&quot;,&quot;wcf_enable_horizontal_scroll&quot;:&quot;no&quot;}\">\n\t\t<div class=\"elementor-element elementor-element-c7278af e-flex e-con-boxed wcf-starter-animations-none wpr-particle-no wpr-jarallax-no wpr-parallax-no wpr-sticky-section-no wpr-equal-height-no e-con e-child\" data-id=\"c7278af\" data-element_type=\"container\" data-e-type=\"container\" data-settings=\"{&quot;wcf_enable_cursor_hover_effect_text&quot;:&quot;View&quot;,&quot;wcf-animation&quot;:&quot;none&quot;,&quot;wcf_enable_pin_area&quot;:&quot;no&quot;,&quot;aae_enable_header_sticky_area&quot;:&quot;no&quot;,&quot;wcf_enable_horizontal_scroll&quot;:&quot;no&quot;}\">\n\t\t\t\t\t<div class=\"e-con-inner\">\n\t\t\t\t<div class=\"elementor-element elementor-element-195ff4c wcf-starter-animations-none elementor-widget elementor-widget-wcf--image\" data-id=\"195ff4c\" data-element_type=\"widget\" data-e-type=\"widget\" data-settings=\"{&quot;wcf-animation&quot;:&quot;fade&quot;,&quot;data-duration&quot;:0.75,&quot;fade-offset&quot;:40,&quot;wcf_starter_animations&quot;:&quot;none&quot;,&quot;wcf_anim_duration&quot;:1000,&quot;wcf_anim_delay&quot;:0,&quot;wcf_anim_ease&quot;:&quot;ease&quot;,&quot;wcf-image-animation&quot;:&quot;none&quot;,&quot;aae_method&quot;:&quot;from&quot;,&quot;aae_trigger&quot;:&quot;on_scroll&quot;,&quot;delay&quot;:0.1499999999999999944488848768742172978818416595458984375,&quot;fade-from&quot;:&quot;bottom&quot;,&quot;ease&quot;:&quot;power2.out&quot;}\" data-widget_type=\"wcf--image.default\">\n\t\t\t\t<div class=\"elementor-widget-container\">\n\t\t\t\t\t\t\t<div class=\"wcf--image\">\r\n\t\t\t\t\t\t\t<img fetchpriority=\"high\" decoding=\"async\" width=\"2384\" height=\"2237\" src=\"https:\/\/europos.co.rs\/wp-content\/uploads\/2025\/09\/it-infrastructure-sr.png\" class=\"attachment-full size-full wp-image-19611\" alt=\"\" srcset=\"https:\/\/europos.co.rs\/wp-content\/uploads\/2025\/09\/it-infrastructure-sr.png 2369w, https:\/\/europos.co.rs\/wp-content\/uploads\/2025\/09\/it-infrastructure-sr-300x283.png 300w, https:\/\/europos.co.rs\/wp-content\/uploads\/2025\/09\/it-infrastructure-sr-1024x967.png 1024w, https:\/\/europos.co.rs\/wp-content\/uploads\/2025\/09\/it-infrastructure-sr-768x726.png 768w, https:\/\/europos.co.rs\/wp-content\/uploads\/2025\/09\/it-infrastructure-sr-1536x1451.png 1536w, https:\/\/europos.co.rs\/wp-content\/uploads\/2025\/09\/it-infrastructure-sr-2048x1935.png 2048w, https:\/\/europos.co.rs\/wp-content\/uploads\/2025\/09\/it-infrastructure-sr-13x12.png 13w\" sizes=\"(max-width: 2384px) 100vw, 2384px\" \/>\t\t\t\t\t\t<\/div>\r\n\t\t\t\t\t\t<\/div>\n\t\t\t\t<\/div>\n\t\t\t\t<div class=\"elementor-element elementor-element-bffd6ea elementor-widget__width-initial elementor-widget-tablet__width-inherit wcf-starter-animations-none wcf-t-animation-none elementor-widget elementor-widget-wcf--text\" data-id=\"bffd6ea\" data-element_type=\"widget\" data-e-type=\"widget\" data-settings=\"{&quot;wcf-animation&quot;:&quot;fade&quot;,&quot;data-duration&quot;:0.75,&quot;fade-offset&quot;:40,&quot;delay&quot;:0.450000000000000011102230246251565404236316680908203125,&quot;wcf_starter_animations&quot;:&quot;none&quot;,&quot;wcf_anim_duration&quot;:1000,&quot;wcf_anim_delay&quot;:0,&quot;wcf_anim_ease&quot;:&quot;ease&quot;,&quot;wcf_text_animation&quot;:&quot;none&quot;,&quot;aae_method&quot;:&quot;from&quot;,&quot;aae_trigger&quot;:&quot;on_scroll&quot;,&quot;fade-from&quot;:&quot;bottom&quot;,&quot;ease&quot;:&quot;power2.out&quot;}\" data-widget_type=\"wcf--text.default\">\n\t\t\t\t<div class=\"elementor-widget-container\">\n\t\t\t\t\t<div class=\"wcf--text\"><p style=\"margin-bottom: 16px\"><br \/>Na\u0161 tim dizajnira napredne mre\u017ene i ra\u010dunarske sisteme<br \/>koji obezbe\u0111uju nesmetan, siguran i efikasan rad va\u0161eg ERP sistema \u2014 u potpunosti uskla\u0111en sa va\u0161im poslovnim ciljevima i zahtevima industrije.<\/p><p style=\"margin-bottom: 16px\">Pru\u017eamo re\u0161enja koja kombinuju visoke performanse, bezbednost podataka i skalabilnost, pru\u017eaju\u0107i va\u0161oj kompaniji \u010dvrstu osnovu za rast i \u0161irenje.<\/p><p style=\"margin-bottom: 16px\"><strong style=\"font-weight: bold\">Na\u0161e odeljenje za hardver i usluge servisiranja nudi:<\/strong><\/p><ul style=\"margin-bottom: 16px;padding-left: 20px\"><li>Preventivno i redovno odr\u017eavanje opreme<\/li><li>Brza dijagnostika i re\u0161avanje problema<\/li><li>Isplativa nabavka hardvera<\/li><\/ul><p style=\"margin-bottom: 16px\">Zahvaljuju\u0107i na\u0161oj partnerskoj mre\u017ei i sinergiji u nabavci, isporu\u010dujemo vrhunsku opremu po najboljoj mogu\u0107oj ceni \u2014 poma\u017eu\u0107i vam da u\u0161tedite dok odr\u017eavate maksimalne performanse.<\/p><p style=\"margin-bottom: 16px\">Sa nama dobijate pouzdano IT okru\u017eenje dizajnirano da pokrene uspeh va\u0161eg poslovanja.<\/p><\/div>\t\t\t\t<\/div>\n\t\t\t\t<\/div>\n\t\t\t\t\t<\/div>\n\t\t\t\t<\/div>\n\t\t\t\t<\/div>\n\t\t\t\t<\/div>","protected":false},"excerpt":{"rendered":"<p>In today\u2019s business environment, a stable and well-designed IT infrastructure is the foundation of growth. Our team designs advanced network and computer systemsthat ensure smooth, secure, and efficient operation of your ERP \u2014 fully aligned with your business goals and industry requirements. We provide solutions that combine high performance, data security, and scalability, giving your company a solid foundation for growth and expansion. Our hardware and service department offers: Preventive and regular equipment maintenance Fast diagnostics and issue resolution Cost-effective hardware procurement Thanks to our partner network and purchasing synergy, we deliver top-quality equipment at the best possible value \u2014 helping you save while maintaining peak performance. With us, you gain a reliable IT environment designed to power your business success.<\/p>","protected":false},"author":1,"featured_media":0,"parent":0,"menu_order":0,"comment_status":"closed","ping_status":"closed","template":"elementor_header_footer","meta":{"inline_featured_image":false,"footnotes":""},"class_list":["post-19270","page","type-page","status-publish","hentry"],"yoast_head":"<!-- This site is optimized with the Yoast SEO plugin v27.4 - https:\/\/yoast.com\/product\/yoast-seo-wordpress\/ -->\n<title>IT Infrastructure | Europos<\/title>\n<meta name=\"robots\" content=\"index, follow, max-snippet:-1, max-image-preview:large, max-video-preview:-1\" \/>\n<link rel=\"canonical\" href=\"https:\/\/europos.co.rs\/sr\/it-infrastructure\/\" \/>\n<meta property=\"og:locale\" content=\"sr_RS\" \/>\n<meta property=\"og:type\" content=\"article\" \/>\n<meta property=\"og:title\" content=\"IT Infrastructure | Europos\" \/>\n<meta property=\"og:description\" content=\"In today\u2019s business environment, a stable and well-designed IT infrastructure is the foundation of growth. Our team designs advanced network and computer systemsthat ensure smooth, secure, and efficient operation of your ERP \u2014 fully aligned with your business goals and industry requirements. We provide solutions that combine high performance, data security, and scalability, giving your company a solid foundation for growth and expansion. Our hardware and service department offers: Preventive and regular equipment maintenance Fast diagnostics and issue resolution Cost-effective hardware procurement Thanks to our partner network and purchasing synergy, we deliver top-quality equipment at the best possible value \u2014 helping you save while maintaining peak performance. With us, you gain a reliable IT environment designed to power your business success.\" \/>\n<meta property=\"og:url\" content=\"https:\/\/europos.co.rs\/sr\/it-infrastructure\/\" \/>\n<meta property=\"og:site_name\" content=\"Europos\" \/>\n<meta property=\"article:modified_time\" content=\"2025-08-21T12:23:53+00:00\" \/>\n<meta property=\"og:image\" content=\"https:\/\/europos.co.rs\/wp-content\/uploads\/2025\/08\/EUROPOS-it-infrastructure.png\" \/>\n<meta name=\"twitter:card\" content=\"summary_large_image\" \/>\n<meta name=\"twitter:label1\" content=\"\u041f\u0440\u043e\u0446\u0435\u045a\u0435\u043d\u043e \u0432\u0440\u0435\u043c\u0435 \u0447\u0438\u0442\u0430\u045a\u0430\" \/>\n\t<meta name=\"twitter:data1\" content=\"1 \u043c\u0438\u043d\u0443\u0442\" \/>\n<script type=\"application\/ld+json\" class=\"yoast-schema-graph\">{\"@context\":\"https:\\\/\\\/schema.org\",\"@graph\":[{\"@type\":\"WebPage\",\"@id\":\"https:\\\/\\\/europos.co.rs\\\/it-infrastructure\\\/\",\"url\":\"https:\\\/\\\/europos.co.rs\\\/it-infrastructure\\\/\",\"name\":\"IT Infrastructure | Europos\",\"isPartOf\":{\"@id\":\"https:\\\/\\\/europos.co.rs\\\/en\\\/#website\"},\"primaryImageOfPage\":{\"@id\":\"https:\\\/\\\/europos.co.rs\\\/it-infrastructure\\\/#primaryimage\"},\"image\":{\"@id\":\"https:\\\/\\\/europos.co.rs\\\/it-infrastructure\\\/#primaryimage\"},\"thumbnailUrl\":\"https:\\\/\\\/europos.co.rs\\\/wp-content\\\/uploads\\\/2025\\\/08\\\/EUROPOS-it-infrastructure.png\",\"datePublished\":\"2025-08-11T17:27:49+00:00\",\"dateModified\":\"2025-08-21T12:23:53+00:00\",\"breadcrumb\":{\"@id\":\"https:\\\/\\\/europos.co.rs\\\/it-infrastructure\\\/#breadcrumb\"},\"inLanguage\":\"sr-RS\",\"potentialAction\":[{\"@type\":\"ReadAction\",\"target\":[\"https:\\\/\\\/europos.co.rs\\\/it-infrastructure\\\/\"]}]},{\"@type\":\"ImageObject\",\"inLanguage\":\"sr-RS\",\"@id\":\"https:\\\/\\\/europos.co.rs\\\/it-infrastructure\\\/#primaryimage\",\"url\":\"https:\\\/\\\/europos.co.rs\\\/wp-content\\\/uploads\\\/2025\\\/08\\\/EUROPOS-it-infrastructure.png\",\"contentUrl\":\"https:\\\/\\\/europos.co.rs\\\/wp-content\\\/uploads\\\/2025\\\/08\\\/EUROPOS-it-infrastructure.png\"},{\"@type\":\"BreadcrumbList\",\"@id\":\"https:\\\/\\\/europos.co.rs\\\/it-infrastructure\\\/#breadcrumb\",\"itemListElement\":[{\"@type\":\"ListItem\",\"position\":1,\"name\":\"Home\",\"item\":\"https:\\\/\\\/europos.co.rs\\\/en\\\/\"},{\"@type\":\"ListItem\",\"position\":2,\"name\":\"IT Infrastructure\"}]},{\"@type\":\"WebSite\",\"@id\":\"https:\\\/\\\/europos.co.rs\\\/en\\\/#website\",\"url\":\"https:\\\/\\\/europos.co.rs\\\/en\\\/\",\"name\":\"Europos\",\"description\":\"ERP Systems and Business Software Solutions\",\"publisher\":{\"@id\":\"https:\\\/\\\/europos.co.rs\\\/en\\\/#organization\"},\"potentialAction\":[{\"@type\":\"SearchAction\",\"target\":{\"@type\":\"EntryPoint\",\"urlTemplate\":\"https:\\\/\\\/europos.co.rs\\\/en\\\/?s={search_term_string}\"},\"query-input\":{\"@type\":\"PropertyValueSpecification\",\"valueRequired\":true,\"valueName\":\"search_term_string\"}}],\"inLanguage\":\"sr-RS\"},{\"@type\":\"Organization\",\"@id\":\"https:\\\/\\\/europos.co.rs\\\/en\\\/#organization\",\"name\":\"Europos\",\"url\":\"https:\\\/\\\/europos.co.rs\\\/en\\\/\",\"logo\":{\"@type\":\"ImageObject\",\"inLanguage\":\"sr-RS\",\"@id\":\"https:\\\/\\\/europos.co.rs\\\/en\\\/#\\\/schema\\\/logo\\\/image\\\/\",\"url\":\"https:\\\/\\\/europos.co.rs\\\/wp-content\\\/uploads\\\/2024\\\/05\\\/Logo-footer-Europos.png\",\"contentUrl\":\"https:\\\/\\\/europos.co.rs\\\/wp-content\\\/uploads\\\/2024\\\/05\\\/Logo-footer-Europos.png\",\"width\":993,\"height\":545,\"caption\":\"Europos\"},\"image\":{\"@id\":\"https:\\\/\\\/europos.co.rs\\\/en\\\/#\\\/schema\\\/logo\\\/image\\\/\"}}]}<\/script>\n<!-- \/ Yoast SEO plugin. -->","yoast_head_json":{"title":"IT Infrastructure | Europos","robots":{"index":"index","follow":"follow","max-snippet":"max-snippet:-1","max-image-preview":"max-image-preview:large","max-video-preview":"max-video-preview:-1"},"canonical":"https:\/\/europos.co.rs\/sr\/it-infrastructure\/","og_locale":"sr_RS","og_type":"article","og_title":"IT Infrastructure | Europos","og_description":"In today\u2019s business environment, a stable and well-designed IT infrastructure is the foundation of growth. Our team designs advanced network and computer systemsthat ensure smooth, secure, and efficient operation of your ERP \u2014 fully aligned with your business goals and industry requirements. We provide solutions that combine high performance, data security, and scalability, giving your company a solid foundation for growth and expansion. Our hardware and service department offers: Preventive and regular equipment maintenance Fast diagnostics and issue resolution Cost-effective hardware procurement Thanks to our partner network and purchasing synergy, we deliver top-quality equipment at the best possible value \u2014 helping you save while maintaining peak performance. With us, you gain a reliable IT environment designed to power your business success.","og_url":"https:\/\/europos.co.rs\/sr\/it-infrastructure\/","og_site_name":"Europos","article_modified_time":"2025-08-21T12:23:53+00:00","og_image":[{"url":"https:\/\/europos.co.rs\/wp-content\/uploads\/2025\/08\/EUROPOS-it-infrastructure.png","type":"","width":"","height":""}],"twitter_card":"summary_large_image","twitter_misc":{"\u041f\u0440\u043e\u0446\u0435\u045a\u0435\u043d\u043e \u0432\u0440\u0435\u043c\u0435 \u0447\u0438\u0442\u0430\u045a\u0430":"1 \u043c\u0438\u043d\u0443\u0442"},"schema":{"@context":"https:\/\/schema.org","@graph":[{"@type":"WebPage","@id":"https:\/\/europos.co.rs\/it-infrastructure\/","url":"https:\/\/europos.co.rs\/it-infrastructure\/","name":"IT Infrastructure | Europos","isPartOf":{"@id":"https:\/\/europos.co.rs\/en\/#website"},"primaryImageOfPage":{"@id":"https:\/\/europos.co.rs\/it-infrastructure\/#primaryimage"},"image":{"@id":"https:\/\/europos.co.rs\/it-infrastructure\/#primaryimage"},"thumbnailUrl":"https:\/\/europos.co.rs\/wp-content\/uploads\/2025\/08\/EUROPOS-it-infrastructure.png","datePublished":"2025-08-11T17:27:49+00:00","dateModified":"2025-08-21T12:23:53+00:00","breadcrumb":{"@id":"https:\/\/europos.co.rs\/it-infrastructure\/#breadcrumb"},"inLanguage":"sr-RS","potentialAction":[{"@type":"ReadAction","target":["https:\/\/europos.co.rs\/it-infrastructure\/"]}]},{"@type":"ImageObject","inLanguage":"sr-RS","@id":"https:\/\/europos.co.rs\/it-infrastructure\/#primaryimage","url":"https:\/\/europos.co.rs\/wp-content\/uploads\/2025\/08\/EUROPOS-it-infrastructure.png","contentUrl":"https:\/\/europos.co.rs\/wp-content\/uploads\/2025\/08\/EUROPOS-it-infrastructure.png"},{"@type":"BreadcrumbList","@id":"https:\/\/europos.co.rs\/it-infrastructure\/#breadcrumb","itemListElement":[{"@type":"ListItem","position":1,"name":"Home","item":"https:\/\/europos.co.rs\/en\/"},{"@type":"ListItem","position":2,"name":"IT Infrastructure"}]},{"@type":"WebSite","@id":"https:\/\/europos.co.rs\/en\/#website","url":"https:\/\/europos.co.rs\/en\/","name":"Europos","description":"ERP Systems and Business Software Solutions","publisher":{"@id":"https:\/\/europos.co.rs\/en\/#organization"},"potentialAction":[{"@type":"SearchAction","target":{"@type":"EntryPoint","urlTemplate":"https:\/\/europos.co.rs\/en\/?s={search_term_string}"},"query-input":{"@type":"PropertyValueSpecification","valueRequired":true,"valueName":"search_term_string"}}],"inLanguage":"sr-RS"},{"@type":"Organization","@id":"https:\/\/europos.co.rs\/en\/#organization","name":"Europos","url":"https:\/\/europos.co.rs\/en\/","logo":{"@type":"ImageObject","inLanguage":"sr-RS","@id":"https:\/\/europos.co.rs\/en\/#\/schema\/logo\/image\/","url":"https:\/\/europos.co.rs\/wp-content\/uploads\/2024\/05\/Logo-footer-Europos.png","contentUrl":"https:\/\/europos.co.rs\/wp-content\/uploads\/2024\/05\/Logo-footer-Europos.png","width":993,"height":545,"caption":"Europos"},"image":{"@id":"https:\/\/europos.co.rs\/en\/#\/schema\/logo\/image\/"}}]}},"_links":{"self":[{"href":"https:\/\/europos.co.rs\/sr\/wp-json\/wp\/v2\/pages\/19270","targetHints":{"allow":["GET"]}}],"collection":[{"href":"https:\/\/europos.co.rs\/sr\/wp-json\/wp\/v2\/pages"}],"about":[{"href":"https:\/\/europos.co.rs\/sr\/wp-json\/wp\/v2\/types\/page"}],"author":[{"embeddable":true,"href":"https:\/\/europos.co.rs\/sr\/wp-json\/wp\/v2\/users\/1"}],"replies":[{"embeddable":true,"href":"https:\/\/europos.co.rs\/sr\/wp-json\/wp\/v2\/comments?post=19270"}],"version-history":[{"count":0,"href":"https:\/\/europos.co.rs\/sr\/wp-json\/wp\/v2\/pages\/19270\/revisions"}],"wp:attachment":[{"href":"https:\/\/europos.co.rs\/sr\/wp-json\/wp\/v2\/media?parent=19270"}],"curies":[{"name":"wp","href":"https:\/\/api.w.org\/{rel}","templated":true}]}}