{"id":19275,"date":"2025-08-11T17:29:44","date_gmt":"2025-08-11T17:29:44","guid":{"rendered":"https:\/\/europos.co.rs\/?page_id=19275"},"modified":"2025-09-11T07:50:58","modified_gmt":"2025-09-11T07:50:58","slug":"software-development-and-integration","status":"publish","type":"page","link":"https:\/\/europos.co.rs\/sr\/software-development-and-integration\/","title":{"rendered":"Razvoj i integracija softvera"},"content":{"rendered":"<div data-elementor-type=\"wp-page\" data-elementor-id=\"19275\" class=\"elementor elementor-19275\">\n\t\t\t\t<div class=\"elementor-element elementor-element-4dc30d21 e-flex e-con-boxed wcf-starter-animations-none wpr-particle-no wpr-jarallax-no wpr-parallax-no wpr-sticky-section-no wpr-equal-height-no e-con e-child\" data-id=\"4dc30d21\" data-element_type=\"container\" data-e-type=\"container\" data-settings=\"{&quot;wcf_enable_cursor_hover_effect_text&quot;:&quot;View&quot;,&quot;background_background&quot;:&quot;classic&quot;,&quot;wcf-animation&quot;:&quot;none&quot;,&quot;wcf_enable_pin_area&quot;:&quot;no&quot;,&quot;aae_enable_header_sticky_area&quot;:&quot;no&quot;,&quot;wcf_enable_horizontal_scroll&quot;:&quot;no&quot;}\">\n\t\t\t\t\t<div class=\"e-con-inner\">\n\t\t<div class=\"elementor-element elementor-element-53e7f302 e-con-full e-flex wcf-starter-animations-none wpr-particle-no wpr-jarallax-no wpr-parallax-no wpr-sticky-section-no wpr-equal-height-no e-con e-child\" data-id=\"53e7f302\" data-element_type=\"container\" data-e-type=\"container\" data-settings=\"{&quot;wcf_enable_cursor_hover_effect_text&quot;:&quot;View&quot;,&quot;wcf-animation&quot;:&quot;none&quot;,&quot;wcf_enable_pin_area&quot;:&quot;no&quot;,&quot;aae_enable_header_sticky_area&quot;:&quot;no&quot;,&quot;wcf_enable_horizontal_scroll&quot;:&quot;no&quot;}\">\n\t\t\t\t<div class=\"elementor-element elementor-element-756967f3 elementor-widget__width-inherit elementor-widget-mobile__width-inherit wcf-starter-animations-none wcf-t-animation-none elementor-widget elementor-widget-wcf--title\" data-id=\"756967f3\" data-element_type=\"widget\" data-e-type=\"widget\" data-settings=\"{&quot;wcf-animation&quot;:&quot;fade&quot;,&quot;data-duration&quot;:0.75,&quot;fade-offset&quot;:40,&quot;wcf_starter_animations&quot;:&quot;none&quot;,&quot;wcf_anim_duration&quot;:1000,&quot;wcf_anim_delay&quot;:0,&quot;wcf_anim_ease&quot;:&quot;ease&quot;,&quot;wcf_text_animation&quot;:&quot;none&quot;,&quot;aae_method&quot;:&quot;from&quot;,&quot;aae_trigger&quot;:&quot;on_scroll&quot;,&quot;delay&quot;:0.1499999999999999944488848768742172978818416595458984375,&quot;fade-from&quot;:&quot;bottom&quot;,&quot;ease&quot;:&quot;power2.out&quot;}\" data-widget_type=\"wcf--title.default\">\n\t\t\t\t<div class=\"elementor-widget-container\">\n\t\t\t\t\t<h2 class=\"wcf--title\">Pove\u017eite se sa nama danas - <span class=\"highlight\">podignite poslovanje<\/span>  na slede\u0107i inovativni nivo<\/h2>\t\t\t\t<\/div>\n\t\t\t\t<\/div>\n\t\t\t\t<\/div>\n\t\t\t\t\t<\/div>\n\t\t\t\t<\/div>\n\t\t<div class=\"elementor-element elementor-element-ebd297d e-con-full e-flex wcf-starter-animations-none wpr-particle-no wpr-jarallax-no wpr-parallax-no wpr-sticky-section-no wpr-equal-height-no e-con e-parent\" data-id=\"ebd297d\" data-element_type=\"container\" data-e-type=\"container\" data-settings=\"{&quot;wcf_enable_cursor_hover_effect_text&quot;:&quot;View&quot;,&quot;wcf-animation&quot;:&quot;none&quot;,&quot;wcf_enable_pin_area&quot;:&quot;no&quot;,&quot;aae_enable_header_sticky_area&quot;:&quot;no&quot;,&quot;wcf_enable_horizontal_scroll&quot;:&quot;no&quot;}\">\n\t\t\t\t<div class=\"elementor-element elementor-element-b0e3e17 elementor-widget__width-initial wcf-starter-animations-none wcf-t-animation-none elementor-widget elementor-widget-wcf--text\" data-id=\"b0e3e17\" data-element_type=\"widget\" data-e-type=\"widget\" data-settings=\"{&quot;wcf-animation&quot;:&quot;fade&quot;,&quot;data-duration&quot;:0.75,&quot;fade-offset&quot;:40,&quot;wcf_starter_animations&quot;:&quot;none&quot;,&quot;wcf_anim_duration&quot;:1000,&quot;wcf_anim_delay&quot;:0,&quot;wcf_anim_ease&quot;:&quot;ease&quot;,&quot;wcf_text_animation&quot;:&quot;none&quot;,&quot;aae_method&quot;:&quot;from&quot;,&quot;aae_trigger&quot;:&quot;on_scroll&quot;,&quot;delay&quot;:0.1499999999999999944488848768742172978818416595458984375,&quot;fade-from&quot;:&quot;bottom&quot;,&quot;ease&quot;:&quot;power2.out&quot;}\" data-widget_type=\"wcf--text.default\">\n\t\t\t\t<div class=\"elementor-widget-container\">\n\t\t\t\t\t<div class=\"wcf--text\"><p data-start=\"116\" data-end=\"314\">Razvoj i integracija softvera<\/p><\/div>\t\t\t\t<\/div>\n\t\t\t\t<\/div>\n\t\t\t\t<div class=\"elementor-element elementor-element-a67fadf wcf-starter-animations-none elementor-widget elementor-widget-wcf--image\" data-id=\"a67fadf\" data-element_type=\"widget\" data-e-type=\"widget\" data-settings=\"{&quot;wcf_starter_animations&quot;:&quot;none&quot;,&quot;wcf_anim_duration&quot;:1000,&quot;wcf_anim_delay&quot;:0,&quot;wcf_anim_ease&quot;:&quot;ease&quot;,&quot;wcf-image-animation&quot;:&quot;none&quot;,&quot;wcf-animation&quot;:&quot;none&quot;}\" data-widget_type=\"wcf--image.default\">\n\t\t\t\t<div class=\"elementor-widget-container\">\n\t\t\t\t\t\t\t<div class=\"wcf--image\">\r\n\t\t\t\t\t\t\t<img fetchpriority=\"high\" decoding=\"async\" width=\"1920\" height=\"750\" src=\"https:\/\/europos.co.rs\/wp-content\/uploads\/2025\/09\/h1.jpg\" class=\"attachment-full size-full wp-image-20674\" alt=\"EP CUBE\" srcset=\"https:\/\/europos.co.rs\/wp-content\/uploads\/2025\/09\/h1.jpg 1920w, https:\/\/europos.co.rs\/wp-content\/uploads\/2025\/09\/h1-300x117.jpg 300w, https:\/\/europos.co.rs\/wp-content\/uploads\/2025\/09\/h1-1024x400.jpg 1024w, https:\/\/europos.co.rs\/wp-content\/uploads\/2025\/09\/h1-768x300.jpg 768w, https:\/\/europos.co.rs\/wp-content\/uploads\/2025\/09\/h1-1536x600.jpg 1536w\" sizes=\"(max-width: 1920px) 100vw, 1920px\" \/>\t\t\t\t\t\t<\/div>\r\n\t\t\t\t\t\t<\/div>\n\t\t\t\t<\/div>\n\t\t\t\t<\/div>\n\t\t<div class=\"elementor-element elementor-element-9cf0e9f e-con-full e-flex wcf-starter-animations-none wpr-particle-no wpr-jarallax-no wpr-parallax-no wpr-sticky-section-no wpr-equal-height-no e-con e-parent\" data-id=\"9cf0e9f\" data-element_type=\"container\" data-e-type=\"container\" data-settings=\"{&quot;wcf_enable_cursor_hover_effect_text&quot;:&quot;View&quot;,&quot;wcf-animation&quot;:&quot;none&quot;,&quot;wcf_enable_pin_area&quot;:&quot;no&quot;,&quot;aae_enable_header_sticky_area&quot;:&quot;no&quot;,&quot;wcf_enable_horizontal_scroll&quot;:&quot;no&quot;}\">\n\t\t\t\t<div class=\"elementor-element elementor-element-ceadac6 elementor-widget__width-initial elementor-widget-tablet__width-inherit wcf-starter-animations-none wcf-t-animation-none elementor-widget elementor-widget-wcf--text\" data-id=\"ceadac6\" data-element_type=\"widget\" data-e-type=\"widget\" data-settings=\"{&quot;wcf-animation&quot;:&quot;fade&quot;,&quot;delay&quot;:0.450000000000000011102230246251565404236316680908203125,&quot;data-duration&quot;:0.75,&quot;fade-offset&quot;:40,&quot;wcf_starter_animations&quot;:&quot;none&quot;,&quot;wcf_anim_duration&quot;:1000,&quot;wcf_anim_delay&quot;:0,&quot;wcf_anim_ease&quot;:&quot;ease&quot;,&quot;wcf_text_animation&quot;:&quot;none&quot;,&quot;aae_method&quot;:&quot;from&quot;,&quot;aae_trigger&quot;:&quot;on_scroll&quot;,&quot;fade-from&quot;:&quot;bottom&quot;,&quot;ease&quot;:&quot;power2.out&quot;}\" data-widget_type=\"wcf--text.default\">\n\t\t\t\t<div class=\"elementor-widget-container\">\n\t\t\t\t\t<div class=\"wcf--text\">Na\u0161a softverska re\u0161enja prilago\u0111avaju se razli\u010ditim potrebama i IT okru\u017eenjima, pru\u017eaju\u0107i kompanijama fleksibilnost i funkcionalnost koje im poma\u017eu da rastu, unaprede procese i postignu strate\u0161ke ciljeve.<br>\n\n<br><span style=\"color: #e04b4d\">Hubie ERP &amp; Hubie POS<\/span>\n<br>Sveobuhvatna platforma za upravljanje poslovanjem i odr\u017eiv rast. Dizajnirana za kompanije koje tra\u017ee centralizovano ERP re\u0161enje koje povezuje sve segmente poslovanja \u2014 od prodaje i nabavke do finansija i izve\u0161tavanja \u2014 u jedinstven, efikasan sistem.<br>\n\n<br><span style=\"color: #e04b4d\">Hubie POS<\/span>\n<br>Napredno re\u0161enje za upravljanje maloprodajom i veleprodajom, integrisano sa postoje\u0107im ERP sistemima. Idealno za kompanije koje \u017eele da zadr\u017ee svoj ERP, ali unaprede maloprodajne i\/ili veleprodajne operacije mo\u0107nim POS funkcionalnostima.<\/div>\t\t\t\t<\/div>\n\t\t\t\t<\/div>\n\t\t\t\t<div class=\"elementor-element elementor-element-825f523 elementor-widget__width-initial elementor-widget-tablet__width-inherit wcf-starter-animations-none wcf-t-animation-none elementor-widget elementor-widget-wcf--text\" data-id=\"825f523\" data-element_type=\"widget\" data-e-type=\"widget\" data-settings=\"{&quot;wcf-animation&quot;:&quot;fade&quot;,&quot;delay&quot;:0.450000000000000011102230246251565404236316680908203125,&quot;data-duration&quot;:0.75,&quot;fade-offset&quot;:40,&quot;wcf_starter_animations&quot;:&quot;none&quot;,&quot;wcf_anim_duration&quot;:1000,&quot;wcf_anim_delay&quot;:0,&quot;wcf_anim_ease&quot;:&quot;ease&quot;,&quot;wcf_text_animation&quot;:&quot;none&quot;,&quot;aae_method&quot;:&quot;from&quot;,&quot;aae_trigger&quot;:&quot;on_scroll&quot;,&quot;fade-from&quot;:&quot;bottom&quot;,&quot;ease&quot;:&quot;power2.out&quot;}\" data-widget_type=\"wcf--text.default\">\n\t\t\t\t<div class=\"elementor-widget-container\">\n\t\t\t\t\t<div class=\"wcf--text\"><strong><span style=\"color: #e04b4d\">Hubie POS Cashier<\/span><\/strong>\n<br>Stabilno, samostalno re\u0161enje za POS operacije, u skladu sa lokalnim zakonodavstvom, koje omogu\u0107ava brze i sigurne transakcije, razmenu podataka sa poreskim organima i integraciju sa platnim terminalima.<br>\n\n<br><strong><span style=\"color: #e04b4d\">Hubie POS Back Office<\/span><\/strong>\n<br>Samostalna aplikacija koja obezbe\u0111uje uskla\u0111enost poslovanja sa lokalnim propisima za kompanije koje koriste me\u0111unarodne ERP ili Front-End sisteme koji ne ispunjavaju zakonske zahteve.<br>\n\n<br>Na\u0161 pristup razvoju i integraciji softvera osigurava da je svako re\u0161enje pouzdano, prilago\u0111eno va\u0161im potrebama i spremno da podr\u017ei va\u0161 rast \u2014 bez obzira na veli\u010dinu ili industriju u kojoj poslujete.<\/div>\t\t\t\t<\/div>\n\t\t\t\t<\/div>\n\t\t\t\t<\/div>\n\t\t\t\t<\/div>","protected":false},"excerpt":{"rendered":"<p>Connect with us today \u2014 elevate your business to the next level with innovation! Software Development &amp; Integration Our software solutions adapt to diverse needs and IT environments, providing companies with the flexibility and functionalities that help them grow, improve processes, and achieve strategic goals. Hubie ERP &amp; Hubie POS A comprehensive platform for business management and sustainable growth. Designed for companies seeking a centralized ERP solution that connects all business segments \u2014 from sales and procurement to finance and reporting \u2014 into a unified, efficient system. Hubie POS An advanced solution for managing retail and wholesale operations, integrated with existing ERP systems. Ideal for companies that want to keep their ERP but enhance retail and\/or wholesale operations with powerful POS functionalities. Hubie POS Cashier A stable, standalone solution for point-of-sale operations, compliant with local legislation, enabling fast and secure transactions, data exchange with tax authorities, and integration with payment terminals. Hubie POS Back Office A standalone application ensuring business compliance with local regulations for companies using international ERP or Front-End solutions that do not meet legal requirements. Our approach to software development and integration ensures that every solution is reliable, tailored to your needs, and ready to support your growth \u2014 regardless of the size or industry you operate in.<\/p>","protected":false},"author":1,"featured_media":0,"parent":0,"menu_order":0,"comment_status":"closed","ping_status":"closed","template":"elementor_header_footer","meta":{"inline_featured_image":false,"footnotes":""},"class_list":["post-19275","page","type-page","status-publish","hentry"],"yoast_head":"<!-- This site is optimized with the Yoast SEO plugin v27.4 - https:\/\/yoast.com\/product\/yoast-seo-wordpress\/ -->\n<title>Software development and integration | Europos<\/title>\n<meta name=\"robots\" content=\"index, follow, max-snippet:-1, max-image-preview:large, max-video-preview:-1\" \/>\n<link rel=\"canonical\" href=\"https:\/\/europos.co.rs\/sr\/software-development-and-integration\/\" \/>\n<meta property=\"og:locale\" content=\"sr_RS\" \/>\n<meta property=\"og:type\" content=\"article\" \/>\n<meta property=\"og:title\" content=\"Software development and integration | Europos\" \/>\n<meta property=\"og:description\" content=\"Connect with us today \u2014 elevate your business to the next level with innovation! Software Development &amp; Integration Our software solutions adapt to diverse needs and IT environments, providing companies with the flexibility and functionalities that help them grow, improve processes, and achieve strategic goals. Hubie ERP &amp; Hubie POS A comprehensive platform for business management and sustainable growth. Designed for companies seeking a centralized ERP solution that connects all business segments \u2014 from sales and procurement to finance and reporting \u2014 into a unified, efficient system. Hubie POS An advanced solution for managing retail and wholesale operations, integrated with existing ERP systems. Ideal for companies that want to keep their ERP but enhance retail and\/or wholesale operations with powerful POS functionalities. Hubie POS Cashier A stable, standalone solution for point-of-sale operations, compliant with local legislation, enabling fast and secure transactions, data exchange with tax authorities, and integration with payment terminals. Hubie POS Back Office A standalone application ensuring business compliance with local regulations for companies using international ERP or Front-End solutions that do not meet legal requirements. Our approach to software development and integration ensures that every solution is reliable, tailored to your needs, and ready to support your growth \u2014 regardless of the size or industry you operate in.\" \/>\n<meta property=\"og:url\" content=\"https:\/\/europos.co.rs\/sr\/software-development-and-integration\/\" \/>\n<meta property=\"og:site_name\" content=\"Europos\" \/>\n<meta property=\"article:modified_time\" content=\"2025-09-11T07:50:58+00:00\" \/>\n<meta property=\"og:image\" content=\"https:\/\/europos.co.rs\/wp-content\/uploads\/2025\/09\/h1.jpg\" \/>\n<meta name=\"twitter:card\" content=\"summary_large_image\" \/>\n<meta name=\"twitter:label1\" content=\"\u041f\u0440\u043e\u0446\u0435\u045a\u0435\u043d\u043e \u0432\u0440\u0435\u043c\u0435 \u0447\u0438\u0442\u0430\u045a\u0430\" \/>\n\t<meta name=\"twitter:data1\" content=\"2 \u043c\u0438\u043d\u0443\u0442\u0430\" \/>\n<script type=\"application\/ld+json\" class=\"yoast-schema-graph\">{\"@context\":\"https:\\\/\\\/schema.org\",\"@graph\":[{\"@type\":\"WebPage\",\"@id\":\"https:\\\/\\\/europos.co.rs\\\/software-development-and-integration\\\/\",\"url\":\"https:\\\/\\\/europos.co.rs\\\/software-development-and-integration\\\/\",\"name\":\"Software development and integration | Europos\",\"isPartOf\":{\"@id\":\"https:\\\/\\\/europos.co.rs\\\/en\\\/#website\"},\"primaryImageOfPage\":{\"@id\":\"https:\\\/\\\/europos.co.rs\\\/software-development-and-integration\\\/#primaryimage\"},\"image\":{\"@id\":\"https:\\\/\\\/europos.co.rs\\\/software-development-and-integration\\\/#primaryimage\"},\"thumbnailUrl\":\"https:\\\/\\\/europos.co.rs\\\/wp-content\\\/uploads\\\/2025\\\/09\\\/h1.jpg\",\"datePublished\":\"2025-08-11T17:29:44+00:00\",\"dateModified\":\"2025-09-11T07:50:58+00:00\",\"breadcrumb\":{\"@id\":\"https:\\\/\\\/europos.co.rs\\\/software-development-and-integration\\\/#breadcrumb\"},\"inLanguage\":\"sr-RS\",\"potentialAction\":[{\"@type\":\"ReadAction\",\"target\":[\"https:\\\/\\\/europos.co.rs\\\/software-development-and-integration\\\/\"]}]},{\"@type\":\"ImageObject\",\"inLanguage\":\"sr-RS\",\"@id\":\"https:\\\/\\\/europos.co.rs\\\/software-development-and-integration\\\/#primaryimage\",\"url\":\"https:\\\/\\\/europos.co.rs\\\/wp-content\\\/uploads\\\/2025\\\/09\\\/h1.jpg\",\"contentUrl\":\"https:\\\/\\\/europos.co.rs\\\/wp-content\\\/uploads\\\/2025\\\/09\\\/h1.jpg\"},{\"@type\":\"BreadcrumbList\",\"@id\":\"https:\\\/\\\/europos.co.rs\\\/software-development-and-integration\\\/#breadcrumb\",\"itemListElement\":[{\"@type\":\"ListItem\",\"position\":1,\"name\":\"Home\",\"item\":\"https:\\\/\\\/europos.co.rs\\\/en\\\/\"},{\"@type\":\"ListItem\",\"position\":2,\"name\":\"Software development and integration\"}]},{\"@type\":\"WebSite\",\"@id\":\"https:\\\/\\\/europos.co.rs\\\/en\\\/#website\",\"url\":\"https:\\\/\\\/europos.co.rs\\\/en\\\/\",\"name\":\"Europos\",\"description\":\"ERP Systems and Business Software Solutions\",\"publisher\":{\"@id\":\"https:\\\/\\\/europos.co.rs\\\/en\\\/#organization\"},\"potentialAction\":[{\"@type\":\"SearchAction\",\"target\":{\"@type\":\"EntryPoint\",\"urlTemplate\":\"https:\\\/\\\/europos.co.rs\\\/en\\\/?s={search_term_string}\"},\"query-input\":{\"@type\":\"PropertyValueSpecification\",\"valueRequired\":true,\"valueName\":\"search_term_string\"}}],\"inLanguage\":\"sr-RS\"},{\"@type\":\"Organization\",\"@id\":\"https:\\\/\\\/europos.co.rs\\\/en\\\/#organization\",\"name\":\"Europos\",\"url\":\"https:\\\/\\\/europos.co.rs\\\/en\\\/\",\"logo\":{\"@type\":\"ImageObject\",\"inLanguage\":\"sr-RS\",\"@id\":\"https:\\\/\\\/europos.co.rs\\\/en\\\/#\\\/schema\\\/logo\\\/image\\\/\",\"url\":\"https:\\\/\\\/europos.co.rs\\\/wp-content\\\/uploads\\\/2024\\\/05\\\/Logo-footer-Europos.png\",\"contentUrl\":\"https:\\\/\\\/europos.co.rs\\\/wp-content\\\/uploads\\\/2024\\\/05\\\/Logo-footer-Europos.png\",\"width\":993,\"height\":545,\"caption\":\"Europos\"},\"image\":{\"@id\":\"https:\\\/\\\/europos.co.rs\\\/en\\\/#\\\/schema\\\/logo\\\/image\\\/\"}}]}<\/script>\n<!-- \/ Yoast SEO plugin. -->","yoast_head_json":{"title":"Software development and integration | Europos","robots":{"index":"index","follow":"follow","max-snippet":"max-snippet:-1","max-image-preview":"max-image-preview:large","max-video-preview":"max-video-preview:-1"},"canonical":"https:\/\/europos.co.rs\/sr\/software-development-and-integration\/","og_locale":"sr_RS","og_type":"article","og_title":"Software development and integration | Europos","og_description":"Connect with us today \u2014 elevate your business to the next level with innovation! Software Development &amp; Integration Our software solutions adapt to diverse needs and IT environments, providing companies with the flexibility and functionalities that help them grow, improve processes, and achieve strategic goals. Hubie ERP &amp; Hubie POS A comprehensive platform for business management and sustainable growth. Designed for companies seeking a centralized ERP solution that connects all business segments \u2014 from sales and procurement to finance and reporting \u2014 into a unified, efficient system. Hubie POS An advanced solution for managing retail and wholesale operations, integrated with existing ERP systems. Ideal for companies that want to keep their ERP but enhance retail and\/or wholesale operations with powerful POS functionalities. Hubie POS Cashier A stable, standalone solution for point-of-sale operations, compliant with local legislation, enabling fast and secure transactions, data exchange with tax authorities, and integration with payment terminals. Hubie POS Back Office A standalone application ensuring business compliance with local regulations for companies using international ERP or Front-End solutions that do not meet legal requirements. Our approach to software development and integration ensures that every solution is reliable, tailored to your needs, and ready to support your growth \u2014 regardless of the size or industry you operate in.","og_url":"https:\/\/europos.co.rs\/sr\/software-development-and-integration\/","og_site_name":"Europos","article_modified_time":"2025-09-11T07:50:58+00:00","og_image":[{"url":"https:\/\/europos.co.rs\/wp-content\/uploads\/2025\/09\/h1.jpg","type":"","width":"","height":""}],"twitter_card":"summary_large_image","twitter_misc":{"\u041f\u0440\u043e\u0446\u0435\u045a\u0435\u043d\u043e \u0432\u0440\u0435\u043c\u0435 \u0447\u0438\u0442\u0430\u045a\u0430":"2 \u043c\u0438\u043d\u0443\u0442\u0430"},"schema":{"@context":"https:\/\/schema.org","@graph":[{"@type":"WebPage","@id":"https:\/\/europos.co.rs\/software-development-and-integration\/","url":"https:\/\/europos.co.rs\/software-development-and-integration\/","name":"Software development and integration | Europos","isPartOf":{"@id":"https:\/\/europos.co.rs\/en\/#website"},"primaryImageOfPage":{"@id":"https:\/\/europos.co.rs\/software-development-and-integration\/#primaryimage"},"image":{"@id":"https:\/\/europos.co.rs\/software-development-and-integration\/#primaryimage"},"thumbnailUrl":"https:\/\/europos.co.rs\/wp-content\/uploads\/2025\/09\/h1.jpg","datePublished":"2025-08-11T17:29:44+00:00","dateModified":"2025-09-11T07:50:58+00:00","breadcrumb":{"@id":"https:\/\/europos.co.rs\/software-development-and-integration\/#breadcrumb"},"inLanguage":"sr-RS","potentialAction":[{"@type":"ReadAction","target":["https:\/\/europos.co.rs\/software-development-and-integration\/"]}]},{"@type":"ImageObject","inLanguage":"sr-RS","@id":"https:\/\/europos.co.rs\/software-development-and-integration\/#primaryimage","url":"https:\/\/europos.co.rs\/wp-content\/uploads\/2025\/09\/h1.jpg","contentUrl":"https:\/\/europos.co.rs\/wp-content\/uploads\/2025\/09\/h1.jpg"},{"@type":"BreadcrumbList","@id":"https:\/\/europos.co.rs\/software-development-and-integration\/#breadcrumb","itemListElement":[{"@type":"ListItem","position":1,"name":"Home","item":"https:\/\/europos.co.rs\/en\/"},{"@type":"ListItem","position":2,"name":"Software development and integration"}]},{"@type":"WebSite","@id":"https:\/\/europos.co.rs\/en\/#website","url":"https:\/\/europos.co.rs\/en\/","name":"Europos","description":"ERP Systems and Business Software Solutions","publisher":{"@id":"https:\/\/europos.co.rs\/en\/#organization"},"potentialAction":[{"@type":"SearchAction","target":{"@type":"EntryPoint","urlTemplate":"https:\/\/europos.co.rs\/en\/?s={search_term_string}"},"query-input":{"@type":"PropertyValueSpecification","valueRequired":true,"valueName":"search_term_string"}}],"inLanguage":"sr-RS"},{"@type":"Organization","@id":"https:\/\/europos.co.rs\/en\/#organization","name":"Europos","url":"https:\/\/europos.co.rs\/en\/","logo":{"@type":"ImageObject","inLanguage":"sr-RS","@id":"https:\/\/europos.co.rs\/en\/#\/schema\/logo\/image\/","url":"https:\/\/europos.co.rs\/wp-content\/uploads\/2024\/05\/Logo-footer-Europos.png","contentUrl":"https:\/\/europos.co.rs\/wp-content\/uploads\/2024\/05\/Logo-footer-Europos.png","width":993,"height":545,"caption":"Europos"},"image":{"@id":"https:\/\/europos.co.rs\/en\/#\/schema\/logo\/image\/"}}]}},"_links":{"self":[{"href":"https:\/\/europos.co.rs\/sr\/wp-json\/wp\/v2\/pages\/19275","targetHints":{"allow":["GET"]}}],"collection":[{"href":"https:\/\/europos.co.rs\/sr\/wp-json\/wp\/v2\/pages"}],"about":[{"href":"https:\/\/europos.co.rs\/sr\/wp-json\/wp\/v2\/types\/page"}],"author":[{"embeddable":true,"href":"https:\/\/europos.co.rs\/sr\/wp-json\/wp\/v2\/users\/1"}],"replies":[{"embeddable":true,"href":"https:\/\/europos.co.rs\/sr\/wp-json\/wp\/v2\/comments?post=19275"}],"version-history":[{"count":3,"href":"https:\/\/europos.co.rs\/sr\/wp-json\/wp\/v2\/pages\/19275\/revisions"}],"predecessor-version":[{"id":20959,"href":"https:\/\/europos.co.rs\/sr\/wp-json\/wp\/v2\/pages\/19275\/revisions\/20959"}],"wp:attachment":[{"href":"https:\/\/europos.co.rs\/sr\/wp-json\/wp\/v2\/media?parent=19275"}],"curies":[{"name":"wp","href":"https:\/\/api.w.org\/{rel}","templated":true}]}}